{"id":652,"date":"2020-03-11T20:36:37","date_gmt":"2020-03-11T20:36:37","guid":{"rendered":"https:\/\/dental-pollak.hr\/?page_id=652"},"modified":"2025-01-16T19:54:06","modified_gmt":"2025-01-16T19:54:06","slug":"protetika","status":"publish","type":"page","link":"https:\/\/dental-pollak.hr\/oldweb\/protetika\/","title":{"rendered":"Protetika"},"content":{"rendered":"\t\t<div data-elementor-type=\"wp-page\" data-elementor-id=\"652\" class=\"elementor elementor-652\" data-elementor-post-type=\"page\">\n\t\t\t\t<div class=\"elementor-element elementor-element-1c4452a e-flex e-con-boxed e-con e-parent\" data-id=\"1c4452a\" data-element_type=\"container\">\n\t\t\t\t\t<div class=\"e-con-inner\">\n\t\t<div class=\"elementor-element elementor-element-ede5591 e-con-full e-flex e-con e-child\" data-id=\"ede5591\" data-element_type=\"container\" data-settings=\"{&quot;background_background&quot;:&quot;classic&quot;}\">\n\t\t\t\t<div class=\"elementor-element elementor-element-1ea49ce elementor-widget elementor-widget-heading\" data-id=\"1ea49ce\" data-element_type=\"widget\" data-widget_type=\"heading.default\">\n\t\t\t\t<div class=\"elementor-widget-container\">\n\t\t\t\t\t<h2 class=\"elementor-heading-title elementor-size-default\">PROTETIKA<\/h2>\t\t\t\t<\/div>\n\t\t\t\t<\/div>\n\t\t\t\t<div class=\"elementor-element elementor-element-de75b0d elementor-widget elementor-widget-text-editor\" data-id=\"de75b0d\" data-element_type=\"widget\" data-widget_type=\"text-editor.default\">\n\t\t\t\t<div class=\"elementor-widget-container\">\n\t\t\t\t\t\t\t\t\t<p>Vra\u0107a osmijeh na Va\u0161e lice<\/p>\t\t\t\t\t\t\t\t<\/div>\n\t\t\t\t<\/div>\n\t\t\t\t<div class=\"elementor-element elementor-element-4ab9ded elementor-align-center elementor-widget elementor-widget-button\" data-id=\"4ab9ded\" data-element_type=\"widget\" data-widget_type=\"button.default\">\n\t\t\t\t<div class=\"elementor-widget-container\">\n\t\t\t\t\t\t\t\t\t<div class=\"elementor-button-wrapper\">\n\t\t\t\t\t<a class=\"elementor-button elementor-size-sm\" role=\"button\">\n\t\t\t\t\t\t<span class=\"elementor-button-content-wrapper\">\n\t\t\t\t\t\t\t\t\t<span class=\"elementor-button-text\"> '\u017dIVOT NE STAJE GUBITKOM JEDNOG, VI\u0160E ILI SVIH ZUBA'<\/span>\n\t\t\t\t\t<\/span>\n\t\t\t\t\t<\/a>\n\t\t\t\t<\/div>\n\t\t\t\t\t\t\t\t<\/div>\n\t\t\t\t<\/div>\n\t\t\t\t<\/div>\n\t\t\t\t\t<\/div>\n\t\t\t\t<\/div>\n\t\t\t\t<section class=\"elementor-section elementor-top-section elementor-element elementor-element-489909f6 elementor-section-content-middle elementor-section-boxed elementor-section-height-default elementor-section-height-default\" data-id=\"489909f6\" data-element_type=\"section\">\n\t\t\t\t\t\t\t<div class=\"elementor-background-overlay\"><\/div>\n\t\t\t\t\t\t\t<div class=\"elementor-container elementor-column-gap-default\">\n\t\t\t\t\t<div class=\"elementor-column elementor-col-50 elementor-top-column elementor-element elementor-element-4f205a6a\" data-id=\"4f205a6a\" data-element_type=\"column\">\n\t\t\t<div class=\"elementor-widget-wrap elementor-element-populated\">\n\t\t\t\t\t\t<div class=\"elementor-element elementor-element-490dcd76 elementor-widget elementor-widget-heading\" data-id=\"490dcd76\" data-element_type=\"widget\" data-widget_type=\"heading.default\">\n\t\t\t\t<div class=\"elementor-widget-container\">\n\t\t\t\t\t<h5 class=\"elementor-heading-title elementor-size-default\">Dental Centar Pollak<\/h5>\t\t\t\t<\/div>\n\t\t\t\t<\/div>\n\t\t\t\t<div class=\"elementor-element elementor-element-54d0b076 elementor-widget elementor-widget-heading\" data-id=\"54d0b076\" data-element_type=\"widget\" data-widget_type=\"heading.default\">\n\t\t\t\t<div class=\"elementor-widget-container\">\n\t\t\t\t\t<h2 class=\"elementor-heading-title elementor-size-default\">Protetika<\/h2>\t\t\t\t<\/div>\n\t\t\t\t<\/div>\n\t\t\t\t<div class=\"elementor-element elementor-element-9fd5af4 elementor-widget elementor-widget-text-editor\" data-id=\"9fd5af4\" data-element_type=\"widget\" data-widget_type=\"text-editor.default\">\n\t\t\t\t<div class=\"elementor-widget-container\">\n\t\t\t\t\t\t\t\t\t<div class=\"sc_action_item_description\"><div class=\"wpb_text_column wpb_content_element \"><div class=\"wpb_wrapper\"><p>Protetika je grana dentalne medicine koja se bavi nadomje\u0161tanjem izgubljenih zubi izradama pretetskih nadomjestaka.<\/p><p>\u010cesto znamo re\u0107i da \u201ene cijenimo to ne\u0161to, dok to ne izgubimo\u201d \u0161to je itekako istina za zube! No, ne o\u010dajavajte ako Vam nedostaje jedan ili vi\u0161e zuba.<\/p><p>Danas je zube mogu\u0107e nadomjestiti brzo i bezbolno. Nadomje\u0161teni zubi izgledaju \u201ckao pravi\u201d; bez obzira radilo se o krunicama, mostovima ili zubnim protezama. Novim tehnologijama Scaniranja, Smile design-om i CAD-CAM printanjem mo\u017eemo izraditi individualne CIRKON KRUNICE i MOSTOVE koji se bezprijekorno uklapaju u Va\u0161 osmijeh i zagriz.<\/p><p>U izradu krunica i mostova uklju\u010dena je najnovija digitalna tehnologija. Moderni strojevi su br\u017ei i precizniji od dosada\u0161nje ru\u010dne izrade.Tako je mogu\u0107e dizajnirane privremene zube isporu\u010diti Vam isti dan a CIRKON KRUNICE i MOSTOVE izraditi ve\u0107 u roku 2\/3 dana<\/p><\/div><\/div><\/div>\t\t\t\t\t\t\t\t<\/div>\n\t\t\t\t<\/div>\n\t\t\t\t\t<\/div>\n\t\t<\/div>\n\t\t\t\t<div class=\"elementor-column elementor-col-50 elementor-top-column elementor-element elementor-element-3f784609\" data-id=\"3f784609\" data-element_type=\"column\">\n\t\t\t<div class=\"elementor-widget-wrap elementor-element-populated\">\n\t\t\t\t\t\t<div class=\"elementor-element elementor-element-37342a56 elementor-widget elementor-widget-image\" data-id=\"37342a56\" data-element_type=\"widget\" data-widget_type=\"image.default\">\n\t\t\t\t<div class=\"elementor-widget-container\">\n\t\t\t\t\t\t\t\t\t\t\t\t\t\t\t<img decoding=\"async\" src=\"https:\/\/dental-pollak.hr\/oldweb\/wp-content\/uploads\/elementor\/thumbs\/Protetika-Osijek-Pollak-Darko-scaled-ow1ilsxr695owhac6jug2e4b2a019q7yo71c4e5954-r01rh9k8ysht8la1cav7m10cjzg6qthvjz8k9h2bu8.jpg\" title=\"Protetika-Osijek-Pollak-Darko-scaled-ow1ilsxr695owhac6jug2e4b2a019q7yo71c4e5954\" alt=\"Protetika-Osijek-Pollak-Darko-scaled-ow1ilsxr695owhac6jug2e4b2a019q7yo71c4e5954\" loading=\"lazy\" \/>\t\t\t\t\t\t\t\t\t\t\t\t\t\t\t<\/div>\n\t\t\t\t<\/div>\n\t\t\t\t\t<\/div>\n\t\t<\/div>\n\t\t\t\t\t<\/div>\n\t\t<\/section>\n\t\t<div class=\"elementor-element elementor-element-ee2c1c0 e-flex e-con-boxed e-con e-parent\" data-id=\"ee2c1c0\" data-element_type=\"container\" data-settings=\"{&quot;background_background&quot;:&quot;classic&quot;,&quot;background_motion_fx_motion_fx_scrolling&quot;:&quot;yes&quot;,&quot;background_motion_fx_translateX_effect&quot;:&quot;yes&quot;,&quot;background_motion_fx_translateX_speed&quot;:{&quot;unit&quot;:&quot;px&quot;,&quot;size&quot;:8.0999999999999996447286321199499070644378662109375,&quot;sizes&quot;:[]},&quot;background_motion_fx_translateX_affectedRange&quot;:{&quot;unit&quot;:&quot;%&quot;,&quot;size&quot;:&quot;&quot;,&quot;sizes&quot;:{&quot;start&quot;:0,&quot;end&quot;:100}},&quot;background_motion_fx_devices&quot;:[&quot;desktop&quot;,&quot;tablet&quot;,&quot;mobile&quot;]}\">\n\t\t\t\t\t<div class=\"e-con-inner\">\n\t\t<div class=\"elementor-element elementor-element-9a62d62 e-con-full e-flex e-con e-child\" data-id=\"9a62d62\" data-element_type=\"container\">\n\t\t\t\t<div class=\"elementor-element elementor-element-ba233b1 elementor-widget elementor-widget-heading\" data-id=\"ba233b1\" data-element_type=\"widget\" data-widget_type=\"heading.default\">\n\t\t\t\t<div class=\"elementor-widget-container\">\n\t\t\t\t\t<h2 class=\"elementor-heading-title elementor-size-default\">\nProtetika je tu da nadomjesti izgubljene zube, omogu\u0107i normalno funkcioniranje \u010deljusti i vrati osmijeh na Va\u0161e lice\n<\/h2>\t\t\t\t<\/div>\n\t\t\t\t<\/div>\n\t\t\t\t<div class=\"elementor-element elementor-element-313ce18 elementor-align-center elementor-widget elementor-widget-button\" data-id=\"313ce18\" data-element_type=\"widget\" data-widget_type=\"button.default\">\n\t\t\t\t<div class=\"elementor-widget-container\">\n\t\t\t\t\t\t\t\t\t<div class=\"elementor-button-wrapper\">\n\t\t\t\t\t<a class=\"elementor-button elementor-button-link elementor-size-sm\" href=\"mailto:info@dental-pollak.hr\">\n\t\t\t\t\t\t<span class=\"elementor-button-content-wrapper\">\n\t\t\t\t\t\t\t\t\t<span class=\"elementor-button-text\">PO\u0160ALJITE NAM UPIT<\/span>\n\t\t\t\t\t<\/span>\n\t\t\t\t\t<\/a>\n\t\t\t\t<\/div>\n\t\t\t\t\t\t\t\t<\/div>\n\t\t\t\t<\/div>\n\t\t\t\t<\/div>\n\t\t\t\t\t<\/div>\n\t\t\t\t<\/div>\n\t\t\t\t<section class=\"elementor-section elementor-top-section elementor-element elementor-element-6529fa4 elementor-section-content-middle elementor-section-boxed elementor-section-height-default elementor-section-height-default\" data-id=\"6529fa4\" data-element_type=\"section\">\n\t\t\t\t\t\t\t<div class=\"elementor-background-overlay\"><\/div>\n\t\t\t\t\t\t\t<div class=\"elementor-container elementor-column-gap-default\">\n\t\t\t\t\t<div class=\"elementor-column elementor-col-50 elementor-top-column elementor-element elementor-element-6391de7\" data-id=\"6391de7\" data-element_type=\"column\">\n\t\t\t<div class=\"elementor-widget-wrap elementor-element-populated\">\n\t\t\t\t\t\t<div class=\"elementor-element elementor-element-a22db70 elementor-widget elementor-widget-heading\" data-id=\"a22db70\" data-element_type=\"widget\" data-widget_type=\"heading.default\">\n\t\t\t\t<div class=\"elementor-widget-container\">\n\t\t\t\t\t<h5 class=\"elementor-heading-title elementor-size-default\">Dental Centar Pollak<\/h5>\t\t\t\t<\/div>\n\t\t\t\t<\/div>\n\t\t\t\t<div class=\"elementor-element elementor-element-8ba1e91 elementor-widget elementor-widget-heading\" data-id=\"8ba1e91\" data-element_type=\"widget\" data-widget_type=\"heading.default\">\n\t\t\t\t<div class=\"elementor-widget-container\">\n\t\t\t\t\t<h2 class=\"elementor-heading-title elementor-size-default\"> <span style=\"color:#E38805\">CAD-CAM:<\/span> Kako izra\u0111ujemo krunice i mostove?<\/h2>\t\t\t\t<\/div>\n\t\t\t\t<\/div>\n\t\t\t\t<div class=\"elementor-element elementor-element-4f1f289 elementor-widget elementor-widget-text-editor\" data-id=\"4f1f289\" data-element_type=\"widget\" data-widget_type=\"text-editor.default\">\n\t\t\t\t<div class=\"elementor-widget-container\">\n\t\t\t\t\t\t\t\t\t<div class=\"sc_action_item_description\"><div class=\"wpb_text_column wpb_content_element \"><div class=\"wpb_wrapper\"><p>U izradi krunica i mostova danas koristimo CAD-CAM tehnologiju jer nam omogu\u0107uje da u svakom trenutku izrade kontroliramo izgled i oblik krunice.<\/p><p>Prvo se radi dizajn na ra\u010dunalu. Nakon \u010dega poseban stroj glodanjem brzo i precizno izra\u0111uje krunice i mostovi po mjeri pacijentove \u010deljusti.<\/p><p>Moderni strojevi su itekako precizniji i br\u017ei od ru\u010dne izrade \u0161to omogu\u0107uje dobivanje gotovih protetskih nadomjestataka za samo 2 dana.<\/p><p>Posebnu pa\u017enju pridodajemo tome da se protetski rad uklapa u generalnu estetiku Va\u0161eg lica i osmijeha.<\/p><\/div><\/div><\/div>\t\t\t\t\t\t\t\t<\/div>\n\t\t\t\t<\/div>\n\t\t\t\t\t<\/div>\n\t\t<\/div>\n\t\t\t\t<div class=\"elementor-column elementor-col-50 elementor-top-column elementor-element elementor-element-50cbdd0\" data-id=\"50cbdd0\" data-element_type=\"column\">\n\t\t\t<div class=\"elementor-widget-wrap elementor-element-populated\">\n\t\t\t\t\t\t<div class=\"elementor-element elementor-element-346838b elementor-widget elementor-widget-image\" data-id=\"346838b\" data-element_type=\"widget\" data-widget_type=\"image.default\">\n\t\t\t\t<div class=\"elementor-widget-container\">\n\t\t\t\t\t\t\t\t\t\t\t\t\t\t\t\t<a href=\"https:\/\/dental-art.hr\/laboratorij\/\" target=\"_blank\">\n\t\t\t\t\t\t\t<img decoding=\"async\" src=\"https:\/\/dental-pollak.hr\/oldweb\/wp-content\/uploads\/elementor\/thumbs\/zubotehni\u010dki-laboratorij-qzr4ia1dq75dffn9nsu284jh31r3e644oqa2b760z4.jpg\" title=\"zubotehni\u010dki-laboratorij\" alt=\"Djelatnik za ra\u010dunalom izra\u0111uje zubne elemente\" loading=\"lazy\" \/>\t\t\t\t\t\t\t\t<\/a>\n\t\t\t\t\t\t\t\t\t\t\t\t\t\t\t<\/div>\n\t\t\t\t<\/div>\n\t\t\t\t\t<\/div>\n\t\t<\/div>\n\t\t\t\t\t<\/div>\n\t\t<\/section>\n\t\t\t\t<section class=\"elementor-section elementor-top-section elementor-element elementor-element-3ce28421 elementor-section-boxed elementor-section-height-default elementor-section-height-default\" data-id=\"3ce28421\" data-element_type=\"section\" data-settings=\"{&quot;background_background&quot;:&quot;classic&quot;}\">\n\t\t\t\t\t\t<div class=\"elementor-container elementor-column-gap-default\">\n\t\t\t\t\t<div class=\"elementor-column elementor-col-100 elementor-top-column elementor-element elementor-element-d9bde44\" data-id=\"d9bde44\" data-element_type=\"column\">\n\t\t\t<div class=\"elementor-widget-wrap elementor-element-populated\">\n\t\t\t\t\t\t<div class=\"elementor-element elementor-element-79fd5ccb animated-slow elementor-invisible elementor-widget elementor-widget-heading\" data-id=\"79fd5ccb\" data-element_type=\"widget\" data-settings=\"{&quot;_animation&quot;:&quot;fadeInLeft&quot;}\" data-widget_type=\"heading.default\">\n\t\t\t\t<div class=\"elementor-widget-container\">\n\t\t\t\t\t<h5 class=\"elementor-heading-title elementor-size-default\">Dental Centar Pollak<\/h5>\t\t\t\t<\/div>\n\t\t\t\t<\/div>\n\t\t\t\t<div class=\"elementor-element elementor-element-1def877 elementor-widget elementor-widget-heading\" data-id=\"1def877\" data-element_type=\"widget\" data-widget_type=\"heading.default\">\n\t\t\t\t<div class=\"elementor-widget-container\">\n\t\t\t\t\t<h2 class=\"elementor-heading-title elementor-size-default\">Adresa Dental Centar Pollak\n<\/h2>\t\t\t\t<\/div>\n\t\t\t\t<\/div>\n\t\t\t\t<div class=\"elementor-element elementor-element-1e96c86c elementor-widget elementor-widget-text-editor\" data-id=\"1e96c86c\" data-element_type=\"widget\" data-widget_type=\"text-editor.default\">\n\t\t\t\t<div class=\"elementor-widget-container\">\n\t\t\t\t\t\t\t\t\t\n\nPreko puta na\u0161eg Dental Centra Pollak se nalazi Parkirni prostor tr\u017enice Osijek gdje je parking prvih sat vremena gratis \ud83d\ude42\n\t\t\t\t\t\t\t\t<\/div>\n\t\t\t\t<\/div>\n\t\t\t\t<div class=\"elementor-element elementor-element-6760f444 elementor-widget elementor-widget-google_maps\" data-id=\"6760f444\" data-element_type=\"widget\" data-widget_type=\"google_maps.default\">\n\t\t\t\t<div class=\"elementor-widget-container\">\n\t\t\t\t\t\t\t<div class=\"elementor-custom-embed\">\n\t\t\t<iframe loading=\"lazy\"\n\t\t\t\t\tsrc=\"https:\/\/maps.google.com\/maps?q=Dental%20Centar%20Pollak&#038;t=m&#038;z=14&#038;output=embed&#038;iwloc=near\"\n\t\t\t\t\ttitle=\"Dental Centar Pollak\"\n\t\t\t\t\taria-label=\"Dental Centar Pollak\"\n\t\t\t><\/iframe>\n\t\t<\/div>\n\t\t\t\t\t\t<\/div>\n\t\t\t\t<\/div>\n\t\t\t\t\t<\/div>\n\t\t<\/div>\n\t\t\t\t\t<\/div>\n\t\t<\/section>\n\t\t\t\t<\/div>\n\t\t","protected":false},"excerpt":{"rendered":"<p>Protetikom se bavimo dugi niz godina kako bi Vam nadomjestili izgubljene zube, omogu\u0107ili normalno funkcioniranje \u010deljusti i vratili osmijeh na Va\u0161e lice<\/p>\n","protected":false},"author":3,"featured_media":680,"parent":0,"menu_order":0,"comment_status":"closed","ping_status":"closed","template":"elementor_header_footer","meta":{"footnotes":""},"class_list":["post-652","page","type-page","status-publish","has-post-thumbnail","hentry"],"yoast_head":"<!-- This site is optimized with the Yoast SEO plugin v23.1 - https:\/\/yoast.com\/wordpress\/plugins\/seo\/ -->\n<title>Protetika | Dental Centar Pollak | Va\u0161 osmijeh nam je Va\u017ean!<\/title>\n<meta name=\"description\" content=\"Krunice, mostove i proteze izra\u0111ujemo modernim tehnologijama i kvalitetnim materijalima. CAD-CAM tehnologija omugu\u0107uje preciznu izradu protetski elemenata.\" \/>\n<meta name=\"robots\" content=\"index, follow, max-snippet:-1, max-image-preview:large, max-video-preview:-1\" \/>\n<link rel=\"canonical\" href=\"https:\/\/dental-pollak.hr\/oldweb\/protetika\/\" \/>\n<meta property=\"og:locale\" content=\"en_US\" \/>\n<meta property=\"og:type\" content=\"article\" \/>\n<meta property=\"og:title\" content=\"Protetika | Dental Centar Pollak | Va\u0161 osmijeh nam je Va\u017ean!\" \/>\n<meta property=\"og:description\" content=\"Krunice, mostove i proteze izra\u0111ujemo modernim tehnologijama i kvalitetnim materijalima. CAD-CAM tehnologija omugu\u0107uje preciznu izradu protetski elemenata.\" \/>\n<meta property=\"og:url\" content=\"https:\/\/dental-pollak.hr\/oldweb\/protetika\/\" \/>\n<meta property=\"og:site_name\" content=\"Dental Centar Pollak\" \/>\n<meta property=\"article:modified_time\" content=\"2025-01-16T19:54:06+00:00\" \/>\n<meta property=\"og:image\" content=\"https:\/\/dental-pollak.hr\/oldweb\/wp-content\/uploads\/2020\/03\/protetika-Dental-Pollak.jpg\" \/>\n\t<meta property=\"og:image:width\" content=\"1920\" \/>\n\t<meta property=\"og:image:height\" content=\"1280\" \/>\n\t<meta property=\"og:image:type\" content=\"image\/jpeg\" \/>\n<meta name=\"twitter:card\" content=\"summary_large_image\" \/>\n<meta name=\"twitter:label1\" content=\"Est. reading time\" \/>\n\t<meta name=\"twitter:data1\" content=\"2 minutes\" \/>\n<script type=\"application\/ld+json\" class=\"yoast-schema-graph\">{\"@context\":\"https:\/\/schema.org\",\"@graph\":[{\"@type\":\"WebPage\",\"@id\":\"https:\/\/dental-pollak.hr\/oldweb\/protetika\/\",\"url\":\"https:\/\/dental-pollak.hr\/oldweb\/protetika\/\",\"name\":\"Protetika | Dental Centar Pollak | Va\u0161 osmijeh nam je Va\u017ean!\",\"isPartOf\":{\"@id\":\"https:\/\/dental-pollak.hr\/oldweb\/#website\"},\"primaryImageOfPage\":{\"@id\":\"https:\/\/dental-pollak.hr\/oldweb\/protetika\/#primaryimage\"},\"image\":{\"@id\":\"https:\/\/dental-pollak.hr\/oldweb\/protetika\/#primaryimage\"},\"thumbnailUrl\":\"https:\/\/dental-pollak.hr\/oldweb\/wp-content\/uploads\/2020\/03\/protetika-Dental-Pollak.jpg\",\"datePublished\":\"2020-03-11T20:36:37+00:00\",\"dateModified\":\"2025-01-16T19:54:06+00:00\",\"description\":\"Krunice, mostove i proteze izra\u0111ujemo modernim tehnologijama i kvalitetnim materijalima. CAD-CAM tehnologija omugu\u0107uje preciznu izradu protetski elemenata.\",\"breadcrumb\":{\"@id\":\"https:\/\/dental-pollak.hr\/oldweb\/protetika\/#breadcrumb\"},\"inLanguage\":\"en-US\",\"potentialAction\":[{\"@type\":\"ReadAction\",\"target\":[\"https:\/\/dental-pollak.hr\/oldweb\/protetika\/\"]}]},{\"@type\":\"ImageObject\",\"inLanguage\":\"en-US\",\"@id\":\"https:\/\/dental-pollak.hr\/oldweb\/protetika\/#primaryimage\",\"url\":\"https:\/\/dental-pollak.hr\/oldweb\/wp-content\/uploads\/2020\/03\/protetika-Dental-Pollak.jpg\",\"contentUrl\":\"https:\/\/dental-pollak.hr\/oldweb\/wp-content\/uploads\/2020\/03\/protetika-Dental-Pollak.jpg\",\"width\":1920,\"height\":1280,\"caption\":\"Protetski elementi\"},{\"@type\":\"BreadcrumbList\",\"@id\":\"https:\/\/dental-pollak.hr\/oldweb\/protetika\/#breadcrumb\",\"itemListElement\":[{\"@type\":\"ListItem\",\"position\":1,\"name\":\"Home\",\"item\":\"https:\/\/dental-pollak.hr\/oldweb\/\"},{\"@type\":\"ListItem\",\"position\":2,\"name\":\"Protetika\"}]},{\"@type\":\"WebSite\",\"@id\":\"https:\/\/dental-pollak.hr\/oldweb\/#website\",\"url\":\"https:\/\/dental-pollak.hr\/oldweb\/\",\"name\":\"Dental Centar Pollak\",\"description\":\"Stomatolog u Osijeku\",\"potentialAction\":[{\"@type\":\"SearchAction\",\"target\":{\"@type\":\"EntryPoint\",\"urlTemplate\":\"https:\/\/dental-pollak.hr\/oldweb\/?s={search_term_string}\"},\"query-input\":\"required name=search_term_string\"}],\"inLanguage\":\"en-US\"}]}<\/script>\n<!-- \/ Yoast SEO plugin. -->","yoast_head_json":{"title":"Protetika | Dental Centar Pollak | Va\u0161 osmijeh nam je Va\u017ean!","description":"Krunice, mostove i proteze izra\u0111ujemo modernim tehnologijama i kvalitetnim materijalima. CAD-CAM tehnologija omugu\u0107uje preciznu izradu protetski elemenata.","robots":{"index":"index","follow":"follow","max-snippet":"max-snippet:-1","max-image-preview":"max-image-preview:large","max-video-preview":"max-video-preview:-1"},"canonical":"https:\/\/dental-pollak.hr\/oldweb\/protetika\/","og_locale":"en_US","og_type":"article","og_title":"Protetika | Dental Centar Pollak | Va\u0161 osmijeh nam je Va\u017ean!","og_description":"Krunice, mostove i proteze izra\u0111ujemo modernim tehnologijama i kvalitetnim materijalima. CAD-CAM tehnologija omugu\u0107uje preciznu izradu protetski elemenata.","og_url":"https:\/\/dental-pollak.hr\/oldweb\/protetika\/","og_site_name":"Dental Centar Pollak","article_modified_time":"2025-01-16T19:54:06+00:00","og_image":[{"width":1920,"height":1280,"url":"https:\/\/dental-pollak.hr\/oldweb\/wp-content\/uploads\/2020\/03\/protetika-Dental-Pollak.jpg","type":"image\/jpeg"}],"twitter_card":"summary_large_image","twitter_misc":{"Est. reading time":"2 minutes"},"schema":{"@context":"https:\/\/schema.org","@graph":[{"@type":"WebPage","@id":"https:\/\/dental-pollak.hr\/oldweb\/protetika\/","url":"https:\/\/dental-pollak.hr\/oldweb\/protetika\/","name":"Protetika | Dental Centar Pollak | Va\u0161 osmijeh nam je Va\u017ean!","isPartOf":{"@id":"https:\/\/dental-pollak.hr\/oldweb\/#website"},"primaryImageOfPage":{"@id":"https:\/\/dental-pollak.hr\/oldweb\/protetika\/#primaryimage"},"image":{"@id":"https:\/\/dental-pollak.hr\/oldweb\/protetika\/#primaryimage"},"thumbnailUrl":"https:\/\/dental-pollak.hr\/oldweb\/wp-content\/uploads\/2020\/03\/protetika-Dental-Pollak.jpg","datePublished":"2020-03-11T20:36:37+00:00","dateModified":"2025-01-16T19:54:06+00:00","description":"Krunice, mostove i proteze izra\u0111ujemo modernim tehnologijama i kvalitetnim materijalima. CAD-CAM tehnologija omugu\u0107uje preciznu izradu protetski elemenata.","breadcrumb":{"@id":"https:\/\/dental-pollak.hr\/oldweb\/protetika\/#breadcrumb"},"inLanguage":"en-US","potentialAction":[{"@type":"ReadAction","target":["https:\/\/dental-pollak.hr\/oldweb\/protetika\/"]}]},{"@type":"ImageObject","inLanguage":"en-US","@id":"https:\/\/dental-pollak.hr\/oldweb\/protetika\/#primaryimage","url":"https:\/\/dental-pollak.hr\/oldweb\/wp-content\/uploads\/2020\/03\/protetika-Dental-Pollak.jpg","contentUrl":"https:\/\/dental-pollak.hr\/oldweb\/wp-content\/uploads\/2020\/03\/protetika-Dental-Pollak.jpg","width":1920,"height":1280,"caption":"Protetski elementi"},{"@type":"BreadcrumbList","@id":"https:\/\/dental-pollak.hr\/oldweb\/protetika\/#breadcrumb","itemListElement":[{"@type":"ListItem","position":1,"name":"Home","item":"https:\/\/dental-pollak.hr\/oldweb\/"},{"@type":"ListItem","position":2,"name":"Protetika"}]},{"@type":"WebSite","@id":"https:\/\/dental-pollak.hr\/oldweb\/#website","url":"https:\/\/dental-pollak.hr\/oldweb\/","name":"Dental Centar Pollak","description":"Stomatolog u Osijeku","potentialAction":[{"@type":"SearchAction","target":{"@type":"EntryPoint","urlTemplate":"https:\/\/dental-pollak.hr\/oldweb\/?s={search_term_string}"},"query-input":"required name=search_term_string"}],"inLanguage":"en-US"}]}},"_links":{"self":[{"href":"https:\/\/dental-pollak.hr\/oldweb\/wp-json\/wp\/v2\/pages\/652"}],"collection":[{"href":"https:\/\/dental-pollak.hr\/oldweb\/wp-json\/wp\/v2\/pages"}],"about":[{"href":"https:\/\/dental-pollak.hr\/oldweb\/wp-json\/wp\/v2\/types\/page"}],"author":[{"embeddable":true,"href":"https:\/\/dental-pollak.hr\/oldweb\/wp-json\/wp\/v2\/users\/3"}],"replies":[{"embeddable":true,"href":"https:\/\/dental-pollak.hr\/oldweb\/wp-json\/wp\/v2\/comments?post=652"}],"version-history":[{"count":18,"href":"https:\/\/dental-pollak.hr\/oldweb\/wp-json\/wp\/v2\/pages\/652\/revisions"}],"predecessor-version":[{"id":2765,"href":"https:\/\/dental-pollak.hr\/oldweb\/wp-json\/wp\/v2\/pages\/652\/revisions\/2765"}],"wp:featuredmedia":[{"embeddable":true,"href":"https:\/\/dental-pollak.hr\/oldweb\/wp-json\/wp\/v2\/media\/680"}],"wp:attachment":[{"href":"https:\/\/dental-pollak.hr\/oldweb\/wp-json\/wp\/v2\/media?parent=652"}],"curies":[{"name":"wp","href":"https:\/\/api.w.org\/{rel}","templated":true}]}}