{"id":657,"date":"2020-03-11T20:39:45","date_gmt":"2020-03-11T20:39:45","guid":{"rendered":"https:\/\/dental-pollak.hr\/?page_id=657"},"modified":"2025-01-16T18:10:28","modified_gmt":"2025-01-16T18:10:28","slug":"estetska-stomatologija","status":"publish","type":"page","link":"https:\/\/dental-pollak.hr\/oldweb\/estetska-stomatologija\/","title":{"rendered":"Estetska stomatologija"},"content":{"rendered":"\t\t<div data-elementor-type=\"wp-page\" data-elementor-id=\"657\" class=\"elementor elementor-657\" data-elementor-post-type=\"page\">\n\t\t\t\t<div class=\"elementor-element elementor-element-2569abe e-flex e-con-boxed e-con e-parent\" data-id=\"2569abe\" data-element_type=\"container\">\n\t\t\t\t\t<div class=\"e-con-inner\">\n\t\t<div class=\"elementor-element elementor-element-d34048e e-con-full e-flex e-con e-child\" data-id=\"d34048e\" data-element_type=\"container\" data-settings=\"{&quot;background_background&quot;:&quot;classic&quot;}\">\n\t\t\t\t<div class=\"elementor-element elementor-element-bdf7123 elementor-widget elementor-widget-heading\" data-id=\"bdf7123\" data-element_type=\"widget\" data-widget_type=\"heading.default\">\n\t\t\t\t<div class=\"elementor-widget-container\">\n\t\t\t\t\t<h2 class=\"elementor-heading-title elementor-size-default\">ESTETSKA STOMATOLOGIJA<\/h2>\t\t\t\t<\/div>\n\t\t\t\t<\/div>\n\t\t\t\t<div class=\"elementor-element elementor-element-796e06d elementor-widget elementor-widget-text-editor\" data-id=\"796e06d\" data-element_type=\"widget\" data-widget_type=\"text-editor.default\">\n\t\t\t\t<div class=\"elementor-widget-container\">\n\t\t\t\t\t\t\t\t\t<p>\u017delim besramno lijep osmijeh!<\/p>\t\t\t\t\t\t\t\t<\/div>\n\t\t\t\t<\/div>\n\t\t\t\t<div class=\"elementor-element elementor-element-d279b2d elementor-align-center elementor-widget elementor-widget-button\" data-id=\"d279b2d\" data-element_type=\"widget\" data-widget_type=\"button.default\">\n\t\t\t\t<div class=\"elementor-widget-container\">\n\t\t\t\t\t\t\t\t\t<div class=\"elementor-button-wrapper\">\n\t\t\t\t\t<a class=\"elementor-button elementor-button-link elementor-size-sm\" href=\"http:\/\/kontakt\">\n\t\t\t\t\t\t<span class=\"elementor-button-content-wrapper\">\n\t\t\t\t\t\t\t\t\t<span class=\"elementor-button-text\">ZAKA\u017dITE PREGLED<\/span>\n\t\t\t\t\t<\/span>\n\t\t\t\t\t<\/a>\n\t\t\t\t<\/div>\n\t\t\t\t\t\t\t\t<\/div>\n\t\t\t\t<\/div>\n\t\t\t\t<\/div>\n\t\t\t\t\t<\/div>\n\t\t\t\t<\/div>\n\t\t\t\t<section class=\"elementor-section elementor-top-section elementor-element elementor-element-5b2281c2 elementor-section-content-middle elementor-section-boxed elementor-section-height-default elementor-section-height-default\" data-id=\"5b2281c2\" data-element_type=\"section\">\n\t\t\t\t\t\t\t<div class=\"elementor-background-overlay\"><\/div>\n\t\t\t\t\t\t\t<div class=\"elementor-container elementor-column-gap-default\">\n\t\t\t\t\t<div class=\"elementor-column elementor-col-50 elementor-top-column elementor-element elementor-element-318c8183\" data-id=\"318c8183\" data-element_type=\"column\">\n\t\t\t<div class=\"elementor-widget-wrap elementor-element-populated\">\n\t\t\t\t\t\t<div class=\"elementor-element elementor-element-7b59aa6b elementor-widget elementor-widget-heading\" data-id=\"7b59aa6b\" data-element_type=\"widget\" data-widget_type=\"heading.default\">\n\t\t\t\t<div class=\"elementor-widget-container\">\n\t\t\t\t\t<h5 class=\"elementor-heading-title elementor-size-default\">Dental Centar Pollak<\/h5>\t\t\t\t<\/div>\n\t\t\t\t<\/div>\n\t\t\t\t<div class=\"elementor-element elementor-element-523edf6a elementor-widget elementor-widget-heading\" data-id=\"523edf6a\" data-element_type=\"widget\" data-widget_type=\"heading.default\">\n\t\t\t\t<div class=\"elementor-widget-container\">\n\t\t\t\t\t<h2 class=\"elementor-heading-title elementor-size-default\">\u0160to je estetska stomatologija?<\/h2>\t\t\t\t<\/div>\n\t\t\t\t<\/div>\n\t\t\t\t<div class=\"elementor-element elementor-element-57c85406 elementor-widget elementor-widget-text-editor\" data-id=\"57c85406\" data-element_type=\"widget\" data-widget_type=\"text-editor.default\">\n\t\t\t\t<div class=\"elementor-widget-container\">\n\t\t\t\t\t\t\t\t\t<div class=\"sc_action_item_description\"><div class=\"wpb_text_column wpb_content_element \"><div class=\"wpb_wrapper\"><div class=\"wpb_text_column wpb_content_element \"><div class=\"wpb_wrapper\"><p>Estetska stomatologija se bavi ljepotom osmijeha i promatra ljudski osmijeh na objektivan na\u010din uzimaju\u0107i u obzir ono \u0161to je univerzalno lijepo.<\/p><p>Modernim metodama i tehnologijama pribli\u017eava Va\u0161 osmijeh idealnim modelima kako bi Vi bili sretniji samim sobom i svojim osmijehom bili ugodni \u201ctu\u0111im\u201d o\u010dima.<\/p><p>Naravno, pitanje ljepote osmijeha je subjektivnoga karaktera. Stoga pri stvaranju Vama idealnog osmijeha zajedni\u010dkom suradnjom iznalazimo krajnje rje\u0161enje paze\u0107i pri tome da se rezultat sla\u017ee s Va\u0161om vizijom osmijeha.<\/p><\/div><\/div><\/div><\/div><\/div>\t\t\t\t\t\t\t\t<\/div>\n\t\t\t\t<\/div>\n\t\t\t\t\t<\/div>\n\t\t<\/div>\n\t\t\t\t<div class=\"elementor-column elementor-col-50 elementor-top-column elementor-element elementor-element-6908a366\" data-id=\"6908a366\" data-element_type=\"column\">\n\t\t\t<div class=\"elementor-widget-wrap elementor-element-populated\">\n\t\t\t\t\t\t<div class=\"elementor-element elementor-element-65fc8cca elementor-widget elementor-widget-image\" data-id=\"65fc8cca\" data-element_type=\"widget\" data-widget_type=\"image.default\">\n\t\t\t\t<div class=\"elementor-widget-container\">\n\t\t\t\t\t\t\t\t\t\t\t\t\t\t\t<img fetchpriority=\"high\" decoding=\"async\" width=\"1200\" height=\"800\" src=\"https:\/\/dental-pollak.hr\/oldweb\/wp-content\/uploads\/2025\/01\/Estetska-stomatologija-pollak-osijek.jpg\" class=\"attachment-full size-full wp-image-2696\" alt=\"Estetska-stomatologija-pollak-osijek\" srcset=\"https:\/\/dental-pollak.hr\/oldweb\/wp-content\/uploads\/2025\/01\/Estetska-stomatologija-pollak-osijek.jpg 1200w, https:\/\/dental-pollak.hr\/oldweb\/wp-content\/uploads\/2025\/01\/Estetska-stomatologija-pollak-osijek-300x200.jpg 300w, https:\/\/dental-pollak.hr\/oldweb\/wp-content\/uploads\/2025\/01\/Estetska-stomatologija-pollak-osijek-1024x683.jpg 1024w, https:\/\/dental-pollak.hr\/oldweb\/wp-content\/uploads\/2025\/01\/Estetska-stomatologija-pollak-osijek-768x512.jpg 768w\" sizes=\"(max-width: 1200px) 100vw, 1200px\" \/>\t\t\t\t\t\t\t\t\t\t\t\t\t\t\t<\/div>\n\t\t\t\t<\/div>\n\t\t\t\t\t<\/div>\n\t\t<\/div>\n\t\t\t\t\t<\/div>\n\t\t<\/section>\n\t\t<div class=\"elementor-element elementor-element-c9b809f e-flex e-con-boxed e-con e-parent\" data-id=\"c9b809f\" data-element_type=\"container\" data-settings=\"{&quot;background_background&quot;:&quot;classic&quot;}\">\n\t\t\t\t\t<div class=\"e-con-inner\">\n\t\t<div class=\"elementor-element elementor-element-2eaf83e e-con-full e-flex e-con e-child\" data-id=\"2eaf83e\" data-element_type=\"container\">\n\t\t\t\t<div class=\"elementor-element elementor-element-497189b elementor-widget elementor-widget-heading\" data-id=\"497189b\" data-element_type=\"widget\" data-widget_type=\"heading.default\">\n\t\t\t\t<div class=\"elementor-widget-container\">\n\t\t\t\t\t<h2 class=\"elementor-heading-title elementor-size-default\">ESTETSKA STOMATOLOGIJA TRANSFORMIRAT \u0106E <br>VA\u0160 OSMIJEH I PODI\u0106I SAMOPOUZDANJE\n<\/h2>\t\t\t\t<\/div>\n\t\t\t\t<\/div>\n\t\t\t\t<div class=\"elementor-element elementor-element-0e5498a elementor-align-center elementor-widget elementor-widget-button\" data-id=\"0e5498a\" data-element_type=\"widget\" data-widget_type=\"button.default\">\n\t\t\t\t<div class=\"elementor-widget-container\">\n\t\t\t\t\t\t\t\t\t<div class=\"elementor-button-wrapper\">\n\t\t\t\t\t<a class=\"elementor-button elementor-button-link elementor-size-sm\" href=\"mailto:info@dental-pollak.hr\">\n\t\t\t\t\t\t<span class=\"elementor-button-content-wrapper\">\n\t\t\t\t\t\t\t\t\t<span class=\"elementor-button-text\">PO\u0160ALJITE NAM UPIT<\/span>\n\t\t\t\t\t<\/span>\n\t\t\t\t\t<\/a>\n\t\t\t\t<\/div>\n\t\t\t\t\t\t\t\t<\/div>\n\t\t\t\t<\/div>\n\t\t\t\t<\/div>\n\t\t\t\t\t<\/div>\n\t\t\t\t<\/div>\n\t\t\t\t<section class=\"elementor-section elementor-top-section elementor-element elementor-element-1a25846 elementor-section-content-middle elementor-section-boxed elementor-section-height-default elementor-section-height-default\" data-id=\"1a25846\" data-element_type=\"section\">\n\t\t\t\t\t\t\t<div class=\"elementor-background-overlay\"><\/div>\n\t\t\t\t\t\t\t<div class=\"elementor-container elementor-column-gap-default\">\n\t\t\t\t\t<div class=\"elementor-column elementor-col-50 elementor-top-column elementor-element elementor-element-848be9e\" data-id=\"848be9e\" data-element_type=\"column\">\n\t\t\t<div class=\"elementor-widget-wrap elementor-element-populated\">\n\t\t\t\t\t\t<div class=\"elementor-element elementor-element-3d25b15 elementor-widget elementor-widget-heading\" data-id=\"3d25b15\" data-element_type=\"widget\" data-widget_type=\"heading.default\">\n\t\t\t\t<div class=\"elementor-widget-container\">\n\t\t\t\t\t<h5 class=\"elementor-heading-title elementor-size-default\">Dental Centar Pollak<\/h5>\t\t\t\t<\/div>\n\t\t\t\t<\/div>\n\t\t\t\t<div class=\"elementor-element elementor-element-a8c2f45 elementor-widget elementor-widget-heading\" data-id=\"a8c2f45\" data-element_type=\"widget\" data-widget_type=\"heading.default\">\n\t\t\t\t<div class=\"elementor-widget-container\">\n\t\t\t\t\t<h2 class=\"elementor-heading-title elementor-size-default\">\nTreba li moj osmijeh promjenu ili \u201cmakeover\u201d?\n<\/h2>\t\t\t\t<\/div>\n\t\t\t\t<\/div>\n\t\t\t\t<div class=\"elementor-element elementor-element-4195c40 elementor-widget elementor-widget-text-editor\" data-id=\"4195c40\" data-element_type=\"widget\" data-widget_type=\"text-editor.default\">\n\t\t\t\t<div class=\"elementor-widget-container\">\n\t\t\t\t\t\t\t\t\t<div class=\"sc_action_item_description\"><div class=\"wpb_text_column wpb_content_element \"><div class=\"wpb_wrapper\"><div class=\"wpb_text_column wpb_content_element \"><div class=\"wpb_wrapper\"><div class=\"wpb_text_column wpb_content_element \"><div class=\"wpb_wrapper\"><p>Ako ste previ\u0161e svjesni svojih zubi, ako skrivate svoj osmijeh zato \u0161to \u201cnemate\u201d lijepe zube ili zato \u0161to su u krivom polo\u017eaju, svakako razmislite o estetskoj stomatologiji.<\/p><p>Treba naglasiti da estetska stomatologija podrazumijeva vi\u0161e razli\u010ditih terapija i procesa koji se mogu kombinirati ili raditi pojedina\u010dno.<\/p><p>Ako \u017eelite saznati koja je opcija najbolja za Vas, ispunite formu.<br \/><a href=\"https:\/\/dental-pollak.hr\/kviz\/\">(FORMA)<\/a><br \/>Poslati \u0107emo Vam personalizirane savjete koje \u0107e Vam pomo\u0107i vratiti osmijeh na lice.<\/p><\/div><\/div><\/div><\/div><\/div><\/div><\/div>\t\t\t\t\t\t\t\t<\/div>\n\t\t\t\t<\/div>\n\t\t\t\t\t<\/div>\n\t\t<\/div>\n\t\t\t\t<div class=\"elementor-column elementor-col-50 elementor-top-column elementor-element elementor-element-e8f7298\" data-id=\"e8f7298\" data-element_type=\"column\">\n\t\t\t<div class=\"elementor-widget-wrap elementor-element-populated\">\n\t\t\t\t\t\t<div class=\"elementor-element elementor-element-b003a30 elementor-widget elementor-widget-image\" data-id=\"b003a30\" data-element_type=\"widget\" data-widget_type=\"image.default\">\n\t\t\t\t<div class=\"elementor-widget-container\">\n\t\t\t\t\t\t\t\t\t\t\t\t\t\t\t<img decoding=\"async\" width=\"1200\" height=\"659\" src=\"https:\/\/dental-pollak.hr\/oldweb\/wp-content\/uploads\/2025\/01\/Estetska-stomatologija-pollak-osijek-2.jpg\" class=\"attachment-full size-full wp-image-2698\" alt=\"Estetska-stomatologija-pollak-osijek\" srcset=\"https:\/\/dental-pollak.hr\/oldweb\/wp-content\/uploads\/2025\/01\/Estetska-stomatologija-pollak-osijek-2.jpg 1200w, https:\/\/dental-pollak.hr\/oldweb\/wp-content\/uploads\/2025\/01\/Estetska-stomatologija-pollak-osijek-2-300x165.jpg 300w, https:\/\/dental-pollak.hr\/oldweb\/wp-content\/uploads\/2025\/01\/Estetska-stomatologija-pollak-osijek-2-1024x562.jpg 1024w, https:\/\/dental-pollak.hr\/oldweb\/wp-content\/uploads\/2025\/01\/Estetska-stomatologija-pollak-osijek-2-768x422.jpg 768w\" sizes=\"(max-width: 1200px) 100vw, 1200px\" \/>\t\t\t\t\t\t\t\t\t\t\t\t\t\t\t<\/div>\n\t\t\t\t<\/div>\n\t\t\t\t\t<\/div>\n\t\t<\/div>\n\t\t\t\t\t<\/div>\n\t\t<\/section>\n\t\t\t\t<section class=\"elementor-section elementor-top-section elementor-element elementor-element-324c0bd2 elementor-section-boxed elementor-section-height-default elementor-section-height-default\" data-id=\"324c0bd2\" data-element_type=\"section\" data-settings=\"{&quot;background_background&quot;:&quot;classic&quot;}\">\n\t\t\t\t\t\t<div class=\"elementor-container elementor-column-gap-default\">\n\t\t\t\t\t<div class=\"elementor-column elementor-col-100 elementor-top-column elementor-element elementor-element-4410483b\" data-id=\"4410483b\" data-element_type=\"column\">\n\t\t\t<div class=\"elementor-widget-wrap elementor-element-populated\">\n\t\t\t\t\t\t<div class=\"elementor-element elementor-element-45bde3c3 animated-slow elementor-invisible elementor-widget elementor-widget-heading\" data-id=\"45bde3c3\" data-element_type=\"widget\" data-settings=\"{&quot;_animation&quot;:&quot;fadeInLeft&quot;}\" data-widget_type=\"heading.default\">\n\t\t\t\t<div class=\"elementor-widget-container\">\n\t\t\t\t\t<h5 class=\"elementor-heading-title elementor-size-default\">Dental Centar Pollak<\/h5>\t\t\t\t<\/div>\n\t\t\t\t<\/div>\n\t\t\t\t<div class=\"elementor-element elementor-element-3f29edc0 elementor-widget elementor-widget-heading\" data-id=\"3f29edc0\" data-element_type=\"widget\" data-widget_type=\"heading.default\">\n\t\t\t\t<div class=\"elementor-widget-container\">\n\t\t\t\t\t<h2 class=\"elementor-heading-title elementor-size-default\">Adresa Dental Centar Pollak\n<\/h2>\t\t\t\t<\/div>\n\t\t\t\t<\/div>\n\t\t\t\t<div class=\"elementor-element elementor-element-7783fa4 elementor-widget elementor-widget-text-editor\" data-id=\"7783fa4\" data-element_type=\"widget\" data-widget_type=\"text-editor.default\">\n\t\t\t\t<div class=\"elementor-widget-container\">\n\t\t\t\t\t\t\t\t\t\n\nPreko puta na\u0161eg Dental Centra Pollak se nalazi Parkirni prostor tr\u017enice Osijek gdje je parking prvih sat vremena gratis \ud83d\ude42\n\t\t\t\t\t\t\t\t<\/div>\n\t\t\t\t<\/div>\n\t\t\t\t<div class=\"elementor-element elementor-element-54948830 elementor-widget elementor-widget-google_maps\" data-id=\"54948830\" data-element_type=\"widget\" data-widget_type=\"google_maps.default\">\n\t\t\t\t<div class=\"elementor-widget-container\">\n\t\t\t\t\t\t\t<div class=\"elementor-custom-embed\">\n\t\t\t<iframe loading=\"lazy\"\n\t\t\t\t\tsrc=\"https:\/\/maps.google.com\/maps?q=Dental%20Centar%20Pollak&#038;t=m&#038;z=14&#038;output=embed&#038;iwloc=near\"\n\t\t\t\t\ttitle=\"Dental Centar Pollak\"\n\t\t\t\t\taria-label=\"Dental Centar Pollak\"\n\t\t\t><\/iframe>\n\t\t<\/div>\n\t\t\t\t\t\t<\/div>\n\t\t\t\t<\/div>\n\t\t\t\t\t<\/div>\n\t\t<\/div>\n\t\t\t\t\t<\/div>\n\t\t<\/section>\n\t\t\t\t<\/div>\n\t\t","protected":false},"excerpt":{"rendered":"<p>Estetska stomatologija | Dental Centar Pollak | Moderni estetski tretmani za blistav osmijeh | Bijeli i blistavi zubi u kratkom roku | Prepustite se stru\u010dnjacima s dugogodi\u0161njim iskustvom<\/p>\n","protected":false},"author":3,"featured_media":205,"parent":0,"menu_order":0,"comment_status":"closed","ping_status":"closed","template":"elementor_header_footer","meta":{"footnotes":""},"class_list":["post-657","page","type-page","status-publish","has-post-thumbnail","hentry"],"yoast_head":"<!-- This site is optimized with the Yoast SEO plugin v23.1 - https:\/\/yoast.com\/wordpress\/plugins\/seo\/ -->\n<title>Dental Centar Pollak | Estetska stomatologija | Besramno Lijep Osmijeh<\/title>\n<meta name=\"description\" content=\"Vi\u0161e samopouzdanja s novim osmijehom.Izbjeljivanje zubi, kerami\u010dke ljuskice, cirkoni, profesionalno \u010di\u0161\u0107enje- bezbroj mogu\u0107nosti i prilika za ljep\u0161i osmijeh\" \/>\n<meta name=\"robots\" content=\"index, follow, max-snippet:-1, max-image-preview:large, max-video-preview:-1\" \/>\n<link rel=\"canonical\" href=\"https:\/\/dental-pollak.hr\/oldweb\/estetska-stomatologija\/\" \/>\n<meta property=\"og:locale\" content=\"en_US\" \/>\n<meta property=\"og:type\" content=\"article\" \/>\n<meta property=\"og:title\" content=\"Dental Centar Pollak | Estetska stomatologija | Besramno Lijep Osmijeh\" \/>\n<meta property=\"og:description\" content=\"Vi\u0161e samopouzdanja s novim osmijehom.Izbjeljivanje zubi, kerami\u010dke ljuskice, cirkoni, profesionalno \u010di\u0161\u0107enje- bezbroj mogu\u0107nosti i prilika za ljep\u0161i osmijeh\" \/>\n<meta property=\"og:url\" content=\"https:\/\/dental-pollak.hr\/oldweb\/estetska-stomatologija\/\" \/>\n<meta property=\"og:site_name\" content=\"Dental Centar Pollak\" \/>\n<meta property=\"article:modified_time\" content=\"2025-01-16T18:10:28+00:00\" \/>\n<meta property=\"og:image\" content=\"https:\/\/dental-pollak.hr\/oldweb\/wp-content\/uploads\/2020\/03\/estetika-Pollak.jpg\" \/>\n\t<meta property=\"og:image:width\" content=\"515\" \/>\n\t<meta property=\"og:image:height\" content=\"273\" \/>\n\t<meta property=\"og:image:type\" content=\"image\/jpeg\" \/>\n<meta name=\"twitter:card\" content=\"summary_large_image\" \/>\n<meta name=\"twitter:label1\" content=\"Est. reading time\" \/>\n\t<meta name=\"twitter:data1\" content=\"2 minutes\" \/>\n<script type=\"application\/ld+json\" class=\"yoast-schema-graph\">{\"@context\":\"https:\/\/schema.org\",\"@graph\":[{\"@type\":\"WebPage\",\"@id\":\"https:\/\/dental-pollak.hr\/oldweb\/estetska-stomatologija\/\",\"url\":\"https:\/\/dental-pollak.hr\/oldweb\/estetska-stomatologija\/\",\"name\":\"Dental Centar Pollak | Estetska stomatologija | Besramno Lijep Osmijeh\",\"isPartOf\":{\"@id\":\"https:\/\/dental-pollak.hr\/oldweb\/#website\"},\"primaryImageOfPage\":{\"@id\":\"https:\/\/dental-pollak.hr\/oldweb\/estetska-stomatologija\/#primaryimage\"},\"image\":{\"@id\":\"https:\/\/dental-pollak.hr\/oldweb\/estetska-stomatologija\/#primaryimage\"},\"thumbnailUrl\":\"https:\/\/dental-pollak.hr\/oldweb\/wp-content\/uploads\/2020\/03\/estetika-Pollak.jpg\",\"datePublished\":\"2020-03-11T20:39:45+00:00\",\"dateModified\":\"2025-01-16T18:10:28+00:00\",\"description\":\"Vi\u0161e samopouzdanja s novim osmijehom.Izbjeljivanje zubi, kerami\u010dke ljuskice, cirkoni, profesionalno \u010di\u0161\u0107enje- bezbroj mogu\u0107nosti i prilika za ljep\u0161i osmijeh\",\"breadcrumb\":{\"@id\":\"https:\/\/dental-pollak.hr\/oldweb\/estetska-stomatologija\/#breadcrumb\"},\"inLanguage\":\"en-US\",\"potentialAction\":[{\"@type\":\"ReadAction\",\"target\":[\"https:\/\/dental-pollak.hr\/oldweb\/estetska-stomatologija\/\"]}]},{\"@type\":\"ImageObject\",\"inLanguage\":\"en-US\",\"@id\":\"https:\/\/dental-pollak.hr\/oldweb\/estetska-stomatologija\/#primaryimage\",\"url\":\"https:\/\/dental-pollak.hr\/oldweb\/wp-content\/uploads\/2020\/03\/estetika-Pollak.jpg\",\"contentUrl\":\"https:\/\/dental-pollak.hr\/oldweb\/wp-content\/uploads\/2020\/03\/estetika-Pollak.jpg\",\"width\":515,\"height\":273,\"caption\":\"osmijeh \u017eene\"},{\"@type\":\"BreadcrumbList\",\"@id\":\"https:\/\/dental-pollak.hr\/oldweb\/estetska-stomatologija\/#breadcrumb\",\"itemListElement\":[{\"@type\":\"ListItem\",\"position\":1,\"name\":\"Home\",\"item\":\"https:\/\/dental-pollak.hr\/oldweb\/\"},{\"@type\":\"ListItem\",\"position\":2,\"name\":\"Estetska stomatologija\"}]},{\"@type\":\"WebSite\",\"@id\":\"https:\/\/dental-pollak.hr\/oldweb\/#website\",\"url\":\"https:\/\/dental-pollak.hr\/oldweb\/\",\"name\":\"Dental Centar Pollak\",\"description\":\"Stomatolog u Osijeku\",\"potentialAction\":[{\"@type\":\"SearchAction\",\"target\":{\"@type\":\"EntryPoint\",\"urlTemplate\":\"https:\/\/dental-pollak.hr\/oldweb\/?s={search_term_string}\"},\"query-input\":\"required name=search_term_string\"}],\"inLanguage\":\"en-US\"}]}<\/script>\n<!-- \/ Yoast SEO plugin. -->","yoast_head_json":{"title":"Dental Centar Pollak | Estetska stomatologija | Besramno Lijep Osmijeh","description":"Vi\u0161e samopouzdanja s novim osmijehom.Izbjeljivanje zubi, kerami\u010dke ljuskice, cirkoni, profesionalno \u010di\u0161\u0107enje- bezbroj mogu\u0107nosti i prilika za ljep\u0161i osmijeh","robots":{"index":"index","follow":"follow","max-snippet":"max-snippet:-1","max-image-preview":"max-image-preview:large","max-video-preview":"max-video-preview:-1"},"canonical":"https:\/\/dental-pollak.hr\/oldweb\/estetska-stomatologija\/","og_locale":"en_US","og_type":"article","og_title":"Dental Centar Pollak | Estetska stomatologija | Besramno Lijep Osmijeh","og_description":"Vi\u0161e samopouzdanja s novim osmijehom.Izbjeljivanje zubi, kerami\u010dke ljuskice, cirkoni, profesionalno \u010di\u0161\u0107enje- bezbroj mogu\u0107nosti i prilika za ljep\u0161i osmijeh","og_url":"https:\/\/dental-pollak.hr\/oldweb\/estetska-stomatologija\/","og_site_name":"Dental Centar Pollak","article_modified_time":"2025-01-16T18:10:28+00:00","og_image":[{"width":515,"height":273,"url":"https:\/\/dental-pollak.hr\/oldweb\/wp-content\/uploads\/2020\/03\/estetika-Pollak.jpg","type":"image\/jpeg"}],"twitter_card":"summary_large_image","twitter_misc":{"Est. reading time":"2 minutes"},"schema":{"@context":"https:\/\/schema.org","@graph":[{"@type":"WebPage","@id":"https:\/\/dental-pollak.hr\/oldweb\/estetska-stomatologija\/","url":"https:\/\/dental-pollak.hr\/oldweb\/estetska-stomatologija\/","name":"Dental Centar Pollak | Estetska stomatologija | Besramno Lijep Osmijeh","isPartOf":{"@id":"https:\/\/dental-pollak.hr\/oldweb\/#website"},"primaryImageOfPage":{"@id":"https:\/\/dental-pollak.hr\/oldweb\/estetska-stomatologija\/#primaryimage"},"image":{"@id":"https:\/\/dental-pollak.hr\/oldweb\/estetska-stomatologija\/#primaryimage"},"thumbnailUrl":"https:\/\/dental-pollak.hr\/oldweb\/wp-content\/uploads\/2020\/03\/estetika-Pollak.jpg","datePublished":"2020-03-11T20:39:45+00:00","dateModified":"2025-01-16T18:10:28+00:00","description":"Vi\u0161e samopouzdanja s novim osmijehom.Izbjeljivanje zubi, kerami\u010dke ljuskice, cirkoni, profesionalno \u010di\u0161\u0107enje- bezbroj mogu\u0107nosti i prilika za ljep\u0161i osmijeh","breadcrumb":{"@id":"https:\/\/dental-pollak.hr\/oldweb\/estetska-stomatologija\/#breadcrumb"},"inLanguage":"en-US","potentialAction":[{"@type":"ReadAction","target":["https:\/\/dental-pollak.hr\/oldweb\/estetska-stomatologija\/"]}]},{"@type":"ImageObject","inLanguage":"en-US","@id":"https:\/\/dental-pollak.hr\/oldweb\/estetska-stomatologija\/#primaryimage","url":"https:\/\/dental-pollak.hr\/oldweb\/wp-content\/uploads\/2020\/03\/estetika-Pollak.jpg","contentUrl":"https:\/\/dental-pollak.hr\/oldweb\/wp-content\/uploads\/2020\/03\/estetika-Pollak.jpg","width":515,"height":273,"caption":"osmijeh \u017eene"},{"@type":"BreadcrumbList","@id":"https:\/\/dental-pollak.hr\/oldweb\/estetska-stomatologija\/#breadcrumb","itemListElement":[{"@type":"ListItem","position":1,"name":"Home","item":"https:\/\/dental-pollak.hr\/oldweb\/"},{"@type":"ListItem","position":2,"name":"Estetska stomatologija"}]},{"@type":"WebSite","@id":"https:\/\/dental-pollak.hr\/oldweb\/#website","url":"https:\/\/dental-pollak.hr\/oldweb\/","name":"Dental Centar Pollak","description":"Stomatolog u Osijeku","potentialAction":[{"@type":"SearchAction","target":{"@type":"EntryPoint","urlTemplate":"https:\/\/dental-pollak.hr\/oldweb\/?s={search_term_string}"},"query-input":"required name=search_term_string"}],"inLanguage":"en-US"}]}},"_links":{"self":[{"href":"https:\/\/dental-pollak.hr\/oldweb\/wp-json\/wp\/v2\/pages\/657"}],"collection":[{"href":"https:\/\/dental-pollak.hr\/oldweb\/wp-json\/wp\/v2\/pages"}],"about":[{"href":"https:\/\/dental-pollak.hr\/oldweb\/wp-json\/wp\/v2\/types\/page"}],"author":[{"embeddable":true,"href":"https:\/\/dental-pollak.hr\/oldweb\/wp-json\/wp\/v2\/users\/3"}],"replies":[{"embeddable":true,"href":"https:\/\/dental-pollak.hr\/oldweb\/wp-json\/wp\/v2\/comments?post=657"}],"version-history":[{"count":6,"href":"https:\/\/dental-pollak.hr\/oldweb\/wp-json\/wp\/v2\/pages\/657\/revisions"}],"predecessor-version":[{"id":2717,"href":"https:\/\/dental-pollak.hr\/oldweb\/wp-json\/wp\/v2\/pages\/657\/revisions\/2717"}],"wp:featuredmedia":[{"embeddable":true,"href":"https:\/\/dental-pollak.hr\/oldweb\/wp-json\/wp\/v2\/media\/205"}],"wp:attachment":[{"href":"https:\/\/dental-pollak.hr\/oldweb\/wp-json\/wp\/v2\/media?parent=657"}],"curies":[{"name":"wp","href":"https:\/\/api.w.org\/{rel}","templated":true}]}}