{"id":659,"date":"2020-03-11T20:40:36","date_gmt":"2020-03-11T20:40:36","guid":{"rendered":"https:\/\/dental-pollak.hr\/?page_id=659"},"modified":"2025-01-24T08:03:14","modified_gmt":"2025-01-24T08:03:14","slug":"parodontologija","status":"publish","type":"page","link":"https:\/\/dental-pollak.hr\/oldweb\/parodontologija\/","title":{"rendered":"Parodontologija"},"content":{"rendered":"\t\t<div data-elementor-type=\"wp-page\" data-elementor-id=\"659\" class=\"elementor elementor-659\" data-elementor-post-type=\"page\">\n\t\t\t\t<div class=\"elementor-element elementor-element-3e7ddda5 e-flex e-con-boxed e-con e-parent\" data-id=\"3e7ddda5\" data-element_type=\"container\">\n\t\t\t\t\t<div class=\"e-con-inner\">\n\t\t<div class=\"elementor-element elementor-element-5cd7f7e e-con-full e-flex e-con e-child\" data-id=\"5cd7f7e\" data-element_type=\"container\">\n\t\t<div class=\"elementor-element elementor-element-65dcf6e e-con-full e-flex e-con e-child\" data-id=\"65dcf6e\" data-element_type=\"container\" data-settings=\"{&quot;background_background&quot;:&quot;classic&quot;}\">\n\t\t\t\t<div class=\"elementor-element elementor-element-a880b60 elementor-widget elementor-widget-heading\" data-id=\"a880b60\" data-element_type=\"widget\" data-widget_type=\"heading.default\">\n\t\t\t\t<div class=\"elementor-widget-container\">\n\t\t\t\t\t<h2 class=\"elementor-heading-title elementor-size-default\">Parodontologija\n<\/h2>\t\t\t\t<\/div>\n\t\t\t\t<\/div>\n\t\t\t\t<div class=\"elementor-element elementor-element-bae2859 elementor-widget elementor-widget-text-editor\" data-id=\"bae2859\" data-element_type=\"widget\" data-widget_type=\"text-editor.default\">\n\t\t\t\t<div class=\"elementor-widget-container\">\n\t\t\t\t\t\t\t\t\t<p>Zdravo zubno meso je odraz Va\u0161eg zdravlja. Dobro se brinite o njemu i Va\u0161 osmijeh \u0107e blistati. Mi smo tu da Vam pomognemo.<\/p>\t\t\t\t\t\t\t\t<\/div>\n\t\t\t\t<\/div>\n\t\t\t\t<\/div>\n\t\t\t\t<\/div>\n\t\t\t\t\t<\/div>\n\t\t\t\t<\/div>\n\t\t\t\t<section class=\"elementor-section elementor-top-section elementor-element elementor-element-4e4bd65d elementor-section-content-middle elementor-section-boxed elementor-section-height-default elementor-section-height-default\" data-id=\"4e4bd65d\" data-element_type=\"section\">\n\t\t\t\t\t\t\t<div class=\"elementor-background-overlay\"><\/div>\n\t\t\t\t\t\t\t<div class=\"elementor-container elementor-column-gap-default\">\n\t\t\t\t\t<div class=\"elementor-column elementor-col-50 elementor-top-column elementor-element elementor-element-3085427c\" data-id=\"3085427c\" data-element_type=\"column\">\n\t\t\t<div class=\"elementor-widget-wrap elementor-element-populated\">\n\t\t\t\t\t\t<div class=\"elementor-element elementor-element-5d12251c elementor-widget elementor-widget-heading\" data-id=\"5d12251c\" data-element_type=\"widget\" data-widget_type=\"heading.default\">\n\t\t\t\t<div class=\"elementor-widget-container\">\n\t\t\t\t\t<h5 class=\"elementor-heading-title elementor-size-default\">Dental Centar Pollak<\/h5>\t\t\t\t<\/div>\n\t\t\t\t<\/div>\n\t\t\t\t<div class=\"elementor-element elementor-element-6db6eae8 elementor-widget elementor-widget-heading\" data-id=\"6db6eae8\" data-element_type=\"widget\" data-widget_type=\"heading.default\">\n\t\t\t\t<div class=\"elementor-widget-container\">\n\t\t\t\t\t<h2 class=\"elementor-heading-title elementor-size-default\"> \u0160to je parodontologija?<\/h2>\t\t\t\t<\/div>\n\t\t\t\t<\/div>\n\t\t\t\t<div class=\"elementor-element elementor-element-590c0cf elementor-widget elementor-widget-text-editor\" data-id=\"590c0cf\" data-element_type=\"widget\" data-widget_type=\"text-editor.default\">\n\t\t\t\t<div class=\"elementor-widget-container\">\n\t\t\t\t\t\t\t\t\t<div class=\"sc_action_item_description\"><div class=\"wpb_text_column wpb_content_element \"><div class=\"wpb_wrapper\"><div class=\"wpb_text_column wpb_content_element \"><div class=\"wpb_wrapper\"><p>Parodontologija je grana dentalne medicine koja se brine o Va\u0161em zubnom mesu. Parodontologija koristi znanje, tehnike i tehnologiju kako bi dijagnosticirala i sprije\u010dila (preventivno ili terapijom) bolesti parodonta.<\/p><p>Do bolesti parodonta dolazi kad se bakterije krenu razmno\u017eavati na zubnom plaku (zaostaloj hrani na zubima) i kamencu (koji je i nastao okamenjivanjem tih ostataka hrane). Glavni razlog nastanka bolesti parodonta je lo\u0161a higijena (kroni\u010dno preskakanje \u010detkicom odre\u0111enih mjesta zbog lo\u0161e tehnike \u010di\u0161\u0107enja).<br \/>Tu su jo\u0161 i lo\u0161a prehrana bogata ugljikohidratima i lo\u0161e \u017eivotne navike (alkohol, cigarete), okoli\u0161, genetika i ostalo.<br \/>Krvarenje zubnog mesa je prvi simptom na koji se redovito ne obra\u0107a pa\u017enja. Tako se, na \u017ealost, ulazi u za\u010darani krug lo\u0161ih navika koje treba prekinuti ako mislite zadr\u017eati vlastite zube. Ako stanje ode predaleko o\u0161te\u0107enja budu bespovratna i dovode do gubitka zuba.<\/p><\/div><\/div><\/div><\/div><\/div>\t\t\t\t\t\t\t\t<\/div>\n\t\t\t\t<\/div>\n\t\t\t\t\t<\/div>\n\t\t<\/div>\n\t\t\t\t<div class=\"elementor-column elementor-col-50 elementor-top-column elementor-element elementor-element-1ae5bc4b\" data-id=\"1ae5bc4b\" data-element_type=\"column\">\n\t\t\t<div class=\"elementor-widget-wrap elementor-element-populated\">\n\t\t\t\t\t\t<div class=\"elementor-element elementor-element-63868953 elementor-widget elementor-widget-image\" data-id=\"63868953\" data-element_type=\"widget\" data-widget_type=\"image.default\">\n\t\t\t\t<div class=\"elementor-widget-container\">\n\t\t\t\t\t\t\t\t\t\t\t\t\t\t\t<img fetchpriority=\"high\" decoding=\"async\" width=\"2560\" height=\"1600\" src=\"https:\/\/dental-pollak.hr\/oldweb\/wp-content\/uploads\/2025\/01\/Paradontoza-Osijek-600x600-2.jpg\" class=\"attachment-full size-full wp-image-2723\" alt=\"Paradontoza-Osijek\" srcset=\"https:\/\/dental-pollak.hr\/oldweb\/wp-content\/uploads\/2025\/01\/Paradontoza-Osijek-600x600-2.jpg 2560w, https:\/\/dental-pollak.hr\/oldweb\/wp-content\/uploads\/2025\/01\/Paradontoza-Osijek-600x600-2-300x188.jpg 300w, https:\/\/dental-pollak.hr\/oldweb\/wp-content\/uploads\/2025\/01\/Paradontoza-Osijek-600x600-2-1024x640.jpg 1024w, https:\/\/dental-pollak.hr\/oldweb\/wp-content\/uploads\/2025\/01\/Paradontoza-Osijek-600x600-2-768x480.jpg 768w, https:\/\/dental-pollak.hr\/oldweb\/wp-content\/uploads\/2025\/01\/Paradontoza-Osijek-600x600-2-1536x960.jpg 1536w, https:\/\/dental-pollak.hr\/oldweb\/wp-content\/uploads\/2025\/01\/Paradontoza-Osijek-600x600-2-2048x1280.jpg 2048w\" sizes=\"(max-width: 2560px) 100vw, 2560px\" \/>\t\t\t\t\t\t\t\t\t\t\t\t\t\t\t<\/div>\n\t\t\t\t<\/div>\n\t\t\t\t\t<\/div>\n\t\t<\/div>\n\t\t\t\t\t<\/div>\n\t\t<\/section>\n\t\t<div class=\"elementor-element elementor-element-a1ebfb7 e-flex e-con-boxed e-con e-parent\" data-id=\"a1ebfb7\" data-element_type=\"container\" data-settings=\"{&quot;background_background&quot;:&quot;classic&quot;}\">\n\t\t\t\t\t<div class=\"e-con-inner\">\n\t\t<div class=\"elementor-element elementor-element-776b454 e-con-full e-flex e-con e-child\" data-id=\"776b454\" data-element_type=\"container\">\n\t\t\t\t<div class=\"elementor-element elementor-element-9bccf1e elementor-widget elementor-widget-heading\" data-id=\"9bccf1e\" data-element_type=\"widget\" data-widget_type=\"heading.default\">\n\t\t\t\t<div class=\"elementor-widget-container\">\n\t\t\t\t\t<h2 class=\"elementor-heading-title elementor-size-default\">Simptomi koji upozoravaju na problem paradontitisa su crvenilo zubnog mesa koje je \u010desto popra\u0107eno krvarenjem zubnog mesa, zatim klimavost zubi i povla\u010denje zubnog mesa kao i lo\u0161 zadah.<\/h2>\t\t\t\t<\/div>\n\t\t\t\t<\/div>\n\t\t\t\t<div class=\"elementor-element elementor-element-8edf905 elementor-align-center elementor-widget elementor-widget-button\" data-id=\"8edf905\" data-element_type=\"widget\" data-widget_type=\"button.default\">\n\t\t\t\t<div class=\"elementor-widget-container\">\n\t\t\t\t\t\t\t\t\t<div class=\"elementor-button-wrapper\">\n\t\t\t\t\t<a class=\"elementor-button elementor-button-link elementor-size-sm\" href=\"mailto:info@dental-pollak.hr\">\n\t\t\t\t\t\t<span class=\"elementor-button-content-wrapper\">\n\t\t\t\t\t\t\t\t\t<span class=\"elementor-button-text\">PO\u0160ALJITE NAM UPIT<\/span>\n\t\t\t\t\t<\/span>\n\t\t\t\t\t<\/a>\n\t\t\t\t<\/div>\n\t\t\t\t\t\t\t\t<\/div>\n\t\t\t\t<\/div>\n\t\t\t\t<\/div>\n\t\t\t\t\t<\/div>\n\t\t\t\t<\/div>\n\t\t\t\t<section class=\"elementor-section elementor-top-section elementor-element elementor-element-7203ae9 elementor-section-content-middle elementor-section-boxed elementor-section-height-default elementor-section-height-default\" data-id=\"7203ae9\" data-element_type=\"section\">\n\t\t\t\t\t\t\t<div class=\"elementor-background-overlay\"><\/div>\n\t\t\t\t\t\t\t<div class=\"elementor-container elementor-column-gap-default\">\n\t\t\t\t\t<div class=\"elementor-column elementor-col-50 elementor-top-column elementor-element elementor-element-0841245\" data-id=\"0841245\" data-element_type=\"column\">\n\t\t\t<div class=\"elementor-widget-wrap elementor-element-populated\">\n\t\t\t\t\t\t<div class=\"elementor-element elementor-element-3ca9f56 elementor-widget elementor-widget-heading\" data-id=\"3ca9f56\" data-element_type=\"widget\" data-widget_type=\"heading.default\">\n\t\t\t\t<div class=\"elementor-widget-container\">\n\t\t\t\t\t<h5 class=\"elementor-heading-title elementor-size-default\">Dental Centar Pollak<\/h5>\t\t\t\t<\/div>\n\t\t\t\t<\/div>\n\t\t\t\t<div class=\"elementor-element elementor-element-0e85614 elementor-widget elementor-widget-heading\" data-id=\"0e85614\" data-element_type=\"widget\" data-widget_type=\"heading.default\">\n\t\t\t\t<div class=\"elementor-widget-container\">\n\t\t\t\t\t<h2 class=\"elementor-heading-title elementor-size-default\">Sprje\u010davanje nastanka parodontitisa<\/h2>\t\t\t\t<\/div>\n\t\t\t\t<\/div>\n\t\t\t\t<div class=\"elementor-element elementor-element-2790fde elementor-icon-list--layout-traditional elementor-list-item-link-full_width elementor-widget elementor-widget-icon-list\" data-id=\"2790fde\" data-element_type=\"widget\" data-widget_type=\"icon-list.default\">\n\t\t\t\t<div class=\"elementor-widget-container\">\n\t\t\t\t\t\t\t<ul class=\"elementor-icon-list-items\">\n\t\t\t\t\t\t\t<li class=\"elementor-icon-list-item\">\n\t\t\t\t\t\t\t\t\t\t\t<span class=\"elementor-icon-list-icon\">\n\t\t\t\t\t\t\t<svg aria-hidden=\"true\" class=\"e-font-icon-svg e-fas-check\" viewBox=\"0 0 512 512\" xmlns=\"http:\/\/www.w3.org\/2000\/svg\"><path d=\"M173.898 439.404l-166.4-166.4c-9.997-9.997-9.997-26.206 0-36.204l36.203-36.204c9.997-9.998 26.207-9.998 36.204 0L192 312.69 432.095 72.596c9.997-9.997 26.207-9.997 36.204 0l36.203 36.204c9.997 9.997 9.997 26.206 0 36.204l-294.4 294.401c-9.998 9.997-26.207 9.997-36.204-.001z\"><\/path><\/svg>\t\t\t\t\t\t<\/span>\n\t\t\t\t\t\t\t\t\t\t<span class=\"elementor-icon-list-text\">Inicijalna parodontolo\u0161ka terapija kod lije\u010dnika dentalne medicine ili specijaliste parodontologije<\/span>\n\t\t\t\t\t\t\t\t\t<\/li>\n\t\t\t\t\t\t\t\t<li class=\"elementor-icon-list-item\">\n\t\t\t\t\t\t\t\t\t\t\t<span class=\"elementor-icon-list-icon\">\n\t\t\t\t\t\t\t<svg aria-hidden=\"true\" class=\"e-font-icon-svg e-fas-check\" viewBox=\"0 0 512 512\" xmlns=\"http:\/\/www.w3.org\/2000\/svg\"><path d=\"M173.898 439.404l-166.4-166.4c-9.997-9.997-9.997-26.206 0-36.204l36.203-36.204c9.997-9.998 26.207-9.998 36.204 0L192 312.69 432.095 72.596c9.997-9.997 26.207-9.997 36.204 0l36.203 36.204c9.997 9.997 9.997 26.206 0 36.204l-294.4 294.401c-9.998 9.997-26.207 9.997-36.204-.001z\"><\/path><\/svg>\t\t\t\t\t\t<\/span>\n\t\t\t\t\t\t\t\t\t\t<span class=\"elementor-icon-list-text\">\u010ci\u0161\u0107enja zubi i zubnog kamenca kod stomatologa \u2013 bar dva puta godi\u0161nje<\/span>\n\t\t\t\t\t\t\t\t\t<\/li>\n\t\t\t\t\t\t\t\t<li class=\"elementor-icon-list-item\">\n\t\t\t\t\t\t\t\t\t\t\t<span class=\"elementor-icon-list-icon\">\n\t\t\t\t\t\t\t<svg aria-hidden=\"true\" class=\"e-font-icon-svg e-fas-check\" viewBox=\"0 0 512 512\" xmlns=\"http:\/\/www.w3.org\/2000\/svg\"><path d=\"M173.898 439.404l-166.4-166.4c-9.997-9.997-9.997-26.206 0-36.204l36.203-36.204c9.997-9.998 26.207-9.998 36.204 0L192 312.69 432.095 72.596c9.997-9.997 26.207-9.997 36.204 0l36.203 36.204c9.997 9.997 9.997 26.206 0 36.204l-294.4 294.401c-9.998 9.997-26.207 9.997-36.204-.001z\"><\/path><\/svg>\t\t\t\t\t\t<\/span>\n\t\t\t\t\t\t\t\t\t\t<span class=\"elementor-icon-list-text\">Svakodnevno temeljito odr\u017eavanje higijene usta i zubi \u2013 podrazumijeva kori\u0161tenje interdentalnih \u010detkica<\/span>\n\t\t\t\t\t\t\t\t\t<\/li>\n\t\t\t\t\t\t<\/ul>\n\t\t\t\t\t\t<\/div>\n\t\t\t\t<\/div>\n\t\t\t\t\t<\/div>\n\t\t<\/div>\n\t\t\t\t<div class=\"elementor-column elementor-col-50 elementor-top-column elementor-element elementor-element-31368df\" data-id=\"31368df\" data-element_type=\"column\">\n\t\t\t<div class=\"elementor-widget-wrap elementor-element-populated\">\n\t\t\t\t\t\t<div class=\"elementor-element elementor-element-39815c8 elementor-widget elementor-widget-image\" data-id=\"39815c8\" data-element_type=\"widget\" data-widget_type=\"image.default\">\n\t\t\t\t<div class=\"elementor-widget-container\">\n\t\t\t\t\t\t\t\t\t\t\t\t\t\t\t\t<a href=\"https:\/\/dental-art.hr\/laboratorij\/\" target=\"_blank\">\n\t\t\t\t\t\t\t<img decoding=\"async\" src=\"https:\/\/dental-pollak.hr\/oldweb\/wp-content\/uploads\/elementor\/thumbs\/Pacijent-u-Dental-Centru-Pollak-600x600-1-r03qyiiaoz2t27hpdlp2loed888h0v44odjr5loltc.jpg\" title=\"Pacijent-u-Dental-Centru-Pollak-600&#215;600\" alt=\"Pacijent-u-Dental-Centru-Pollak-600x600\" loading=\"lazy\" \/>\t\t\t\t\t\t\t\t<\/a>\n\t\t\t\t\t\t\t\t\t\t\t\t\t\t\t<\/div>\n\t\t\t\t<\/div>\n\t\t\t\t\t<\/div>\n\t\t<\/div>\n\t\t\t\t\t<\/div>\n\t\t<\/section>\n\t\t\t\t<section class=\"elementor-section elementor-top-section elementor-element elementor-element-7097ac4e elementor-section-boxed elementor-section-height-default elementor-section-height-default\" data-id=\"7097ac4e\" data-element_type=\"section\" data-settings=\"{&quot;background_background&quot;:&quot;classic&quot;}\">\n\t\t\t\t\t\t<div class=\"elementor-container elementor-column-gap-default\">\n\t\t\t\t\t<div class=\"elementor-column elementor-col-100 elementor-top-column elementor-element elementor-element-16e76f35\" data-id=\"16e76f35\" data-element_type=\"column\">\n\t\t\t<div class=\"elementor-widget-wrap elementor-element-populated\">\n\t\t\t\t\t\t<div class=\"elementor-element elementor-element-b2b6f0b animated-slow elementor-invisible elementor-widget elementor-widget-heading\" data-id=\"b2b6f0b\" data-element_type=\"widget\" data-settings=\"{&quot;_animation&quot;:&quot;fadeInLeft&quot;}\" data-widget_type=\"heading.default\">\n\t\t\t\t<div class=\"elementor-widget-container\">\n\t\t\t\t\t<h5 class=\"elementor-heading-title elementor-size-default\">Dental Centar Pollak<\/h5>\t\t\t\t<\/div>\n\t\t\t\t<\/div>\n\t\t\t\t<div class=\"elementor-element elementor-element-5bdaa819 elementor-widget elementor-widget-heading\" data-id=\"5bdaa819\" data-element_type=\"widget\" data-widget_type=\"heading.default\">\n\t\t\t\t<div class=\"elementor-widget-container\">\n\t\t\t\t\t<h2 class=\"elementor-heading-title elementor-size-default\">Adresa Dental Centar Pollak\n<\/h2>\t\t\t\t<\/div>\n\t\t\t\t<\/div>\n\t\t\t\t<div class=\"elementor-element elementor-element-311ab05 elementor-widget elementor-widget-text-editor\" data-id=\"311ab05\" data-element_type=\"widget\" data-widget_type=\"text-editor.default\">\n\t\t\t\t<div class=\"elementor-widget-container\">\n\t\t\t\t\t\t\t\t\t\n\nPreko puta na\u0161eg Dental Centra Pollak se nalazi Parkirni prostor tr\u017enice Osijek gdje je parking prvih sat vremena gratis \ud83d\ude42\n\t\t\t\t\t\t\t\t<\/div>\n\t\t\t\t<\/div>\n\t\t\t\t<div class=\"elementor-element elementor-element-6f7433b2 elementor-widget elementor-widget-google_maps\" data-id=\"6f7433b2\" data-element_type=\"widget\" data-widget_type=\"google_maps.default\">\n\t\t\t\t<div class=\"elementor-widget-container\">\n\t\t\t\t\t\t\t<div class=\"elementor-custom-embed\">\n\t\t\t<iframe loading=\"lazy\"\n\t\t\t\t\tsrc=\"https:\/\/maps.google.com\/maps?q=Dental%20Centar%20Pollak&#038;t=m&#038;z=14&#038;output=embed&#038;iwloc=near\"\n\t\t\t\t\ttitle=\"Dental Centar Pollak\"\n\t\t\t\t\taria-label=\"Dental Centar Pollak\"\n\t\t\t><\/iframe>\n\t\t<\/div>\n\t\t\t\t\t\t<\/div>\n\t\t\t\t<\/div>\n\t\t\t\t\t<\/div>\n\t\t<\/div>\n\t\t\t\t\t<\/div>\n\t\t<\/section>\n\t\t\t\t<\/div>\n\t\t","protected":false},"excerpt":{"rendered":"<p>Paradontoza je glavni uzro\u010dnik gubitka zubi. Upalni proces zubnog tkiva je naj\u010de\u0161\u0107e uzrokovan bakterijskom infekcijom. Pravovremenim posjetom mo\u017eete sprije\u010diti negativne posljedice.<\/p>\n","protected":false},"author":3,"featured_media":855,"parent":0,"menu_order":0,"comment_status":"closed","ping_status":"closed","template":"elementor_header_footer","meta":{"footnotes":""},"class_list":["post-659","page","type-page","status-publish","has-post-thumbnail","hentry"],"yoast_head":"<!-- This site is optimized with the Yoast SEO plugin v23.1 - https:\/\/yoast.com\/wordpress\/plugins\/seo\/ -->\n<title>Paradontoza | Upala desni | Gubitak zubi | Lije\u010denje<\/title>\n<meta name=\"description\" content=\"Otkrijte kako lije\u010diti upalu desni i sprije\u010diti ispadanje zubi. Upaljeno zubno meso mo\u017ee biti bakterijska infekcija koja zahva\u0107a tkiva, ligamente i kosti\" \/>\n<meta name=\"robots\" content=\"index, follow, max-snippet:-1, max-image-preview:large, max-video-preview:-1\" \/>\n<link rel=\"canonical\" href=\"https:\/\/dental-pollak.hr\/oldweb\/parodontologija\/\" \/>\n<meta property=\"og:locale\" content=\"en_US\" \/>\n<meta property=\"og:type\" content=\"article\" \/>\n<meta property=\"og:title\" content=\"Paradontoza | Upala desni | Gubitak zubi | Lije\u010denje\" \/>\n<meta property=\"og:description\" content=\"Otkrijte kako lije\u010diti upalu desni i sprije\u010diti ispadanje zubi. Upaljeno zubno meso mo\u017ee biti bakterijska infekcija koja zahva\u0107a tkiva, ligamente i kosti\" \/>\n<meta property=\"og:url\" content=\"https:\/\/dental-pollak.hr\/oldweb\/parodontologija\/\" \/>\n<meta property=\"og:site_name\" content=\"Dental Centar Pollak\" \/>\n<meta property=\"article:modified_time\" content=\"2025-01-24T08:03:14+00:00\" \/>\n<meta property=\"og:image\" content=\"https:\/\/dental-pollak.hr\/oldweb\/wp-content\/uploads\/2020\/03\/paradontologija.jpg\" \/>\n\t<meta property=\"og:image:width\" content=\"1701\" \/>\n\t<meta property=\"og:image:height\" content=\"1134\" \/>\n\t<meta property=\"og:image:type\" content=\"image\/jpeg\" \/>\n<meta name=\"twitter:card\" content=\"summary_large_image\" \/>\n<meta name=\"twitter:label1\" content=\"Est. reading time\" \/>\n\t<meta name=\"twitter:data1\" content=\"2 minutes\" \/>\n<script type=\"application\/ld+json\" class=\"yoast-schema-graph\">{\"@context\":\"https:\/\/schema.org\",\"@graph\":[{\"@type\":\"WebPage\",\"@id\":\"https:\/\/dental-pollak.hr\/oldweb\/parodontologija\/\",\"url\":\"https:\/\/dental-pollak.hr\/oldweb\/parodontologija\/\",\"name\":\"Paradontoza | Upala desni | Gubitak zubi | Lije\u010denje\",\"isPartOf\":{\"@id\":\"https:\/\/dental-pollak.hr\/oldweb\/#website\"},\"primaryImageOfPage\":{\"@id\":\"https:\/\/dental-pollak.hr\/oldweb\/parodontologija\/#primaryimage\"},\"image\":{\"@id\":\"https:\/\/dental-pollak.hr\/oldweb\/parodontologija\/#primaryimage\"},\"thumbnailUrl\":\"https:\/\/dental-pollak.hr\/oldweb\/wp-content\/uploads\/2020\/03\/paradontologija.jpg\",\"datePublished\":\"2020-03-11T20:40:36+00:00\",\"dateModified\":\"2025-01-24T08:03:14+00:00\",\"description\":\"Otkrijte kako lije\u010diti upalu desni i sprije\u010diti ispadanje zubi. Upaljeno zubno meso mo\u017ee biti bakterijska infekcija koja zahva\u0107a tkiva, ligamente i kosti\",\"breadcrumb\":{\"@id\":\"https:\/\/dental-pollak.hr\/oldweb\/parodontologija\/#breadcrumb\"},\"inLanguage\":\"en-US\",\"potentialAction\":[{\"@type\":\"ReadAction\",\"target\":[\"https:\/\/dental-pollak.hr\/oldweb\/parodontologija\/\"]}]},{\"@type\":\"ImageObject\",\"inLanguage\":\"en-US\",\"@id\":\"https:\/\/dental-pollak.hr\/oldweb\/parodontologija\/#primaryimage\",\"url\":\"https:\/\/dental-pollak.hr\/oldweb\/wp-content\/uploads\/2020\/03\/paradontologija.jpg\",\"contentUrl\":\"https:\/\/dental-pollak.hr\/oldweb\/wp-content\/uploads\/2020\/03\/paradontologija.jpg\",\"width\":1701,\"height\":1134,\"caption\":\"paradontoza\"},{\"@type\":\"BreadcrumbList\",\"@id\":\"https:\/\/dental-pollak.hr\/oldweb\/parodontologija\/#breadcrumb\",\"itemListElement\":[{\"@type\":\"ListItem\",\"position\":1,\"name\":\"Home\",\"item\":\"https:\/\/dental-pollak.hr\/oldweb\/\"},{\"@type\":\"ListItem\",\"position\":2,\"name\":\"Parodontologija\"}]},{\"@type\":\"WebSite\",\"@id\":\"https:\/\/dental-pollak.hr\/oldweb\/#website\",\"url\":\"https:\/\/dental-pollak.hr\/oldweb\/\",\"name\":\"Dental Centar Pollak\",\"description\":\"Stomatolog u Osijeku\",\"potentialAction\":[{\"@type\":\"SearchAction\",\"target\":{\"@type\":\"EntryPoint\",\"urlTemplate\":\"https:\/\/dental-pollak.hr\/oldweb\/?s={search_term_string}\"},\"query-input\":\"required name=search_term_string\"}],\"inLanguage\":\"en-US\"}]}<\/script>\n<!-- \/ Yoast SEO plugin. -->","yoast_head_json":{"title":"Paradontoza | Upala desni | Gubitak zubi | Lije\u010denje","description":"Otkrijte kako lije\u010diti upalu desni i sprije\u010diti ispadanje zubi. Upaljeno zubno meso mo\u017ee biti bakterijska infekcija koja zahva\u0107a tkiva, ligamente i kosti","robots":{"index":"index","follow":"follow","max-snippet":"max-snippet:-1","max-image-preview":"max-image-preview:large","max-video-preview":"max-video-preview:-1"},"canonical":"https:\/\/dental-pollak.hr\/oldweb\/parodontologija\/","og_locale":"en_US","og_type":"article","og_title":"Paradontoza | Upala desni | Gubitak zubi | Lije\u010denje","og_description":"Otkrijte kako lije\u010diti upalu desni i sprije\u010diti ispadanje zubi. Upaljeno zubno meso mo\u017ee biti bakterijska infekcija koja zahva\u0107a tkiva, ligamente i kosti","og_url":"https:\/\/dental-pollak.hr\/oldweb\/parodontologija\/","og_site_name":"Dental Centar Pollak","article_modified_time":"2025-01-24T08:03:14+00:00","og_image":[{"width":1701,"height":1134,"url":"https:\/\/dental-pollak.hr\/oldweb\/wp-content\/uploads\/2020\/03\/paradontologija.jpg","type":"image\/jpeg"}],"twitter_card":"summary_large_image","twitter_misc":{"Est. reading time":"2 minutes"},"schema":{"@context":"https:\/\/schema.org","@graph":[{"@type":"WebPage","@id":"https:\/\/dental-pollak.hr\/oldweb\/parodontologija\/","url":"https:\/\/dental-pollak.hr\/oldweb\/parodontologija\/","name":"Paradontoza | Upala desni | Gubitak zubi | Lije\u010denje","isPartOf":{"@id":"https:\/\/dental-pollak.hr\/oldweb\/#website"},"primaryImageOfPage":{"@id":"https:\/\/dental-pollak.hr\/oldweb\/parodontologija\/#primaryimage"},"image":{"@id":"https:\/\/dental-pollak.hr\/oldweb\/parodontologija\/#primaryimage"},"thumbnailUrl":"https:\/\/dental-pollak.hr\/oldweb\/wp-content\/uploads\/2020\/03\/paradontologija.jpg","datePublished":"2020-03-11T20:40:36+00:00","dateModified":"2025-01-24T08:03:14+00:00","description":"Otkrijte kako lije\u010diti upalu desni i sprije\u010diti ispadanje zubi. Upaljeno zubno meso mo\u017ee biti bakterijska infekcija koja zahva\u0107a tkiva, ligamente i kosti","breadcrumb":{"@id":"https:\/\/dental-pollak.hr\/oldweb\/parodontologija\/#breadcrumb"},"inLanguage":"en-US","potentialAction":[{"@type":"ReadAction","target":["https:\/\/dental-pollak.hr\/oldweb\/parodontologija\/"]}]},{"@type":"ImageObject","inLanguage":"en-US","@id":"https:\/\/dental-pollak.hr\/oldweb\/parodontologija\/#primaryimage","url":"https:\/\/dental-pollak.hr\/oldweb\/wp-content\/uploads\/2020\/03\/paradontologija.jpg","contentUrl":"https:\/\/dental-pollak.hr\/oldweb\/wp-content\/uploads\/2020\/03\/paradontologija.jpg","width":1701,"height":1134,"caption":"paradontoza"},{"@type":"BreadcrumbList","@id":"https:\/\/dental-pollak.hr\/oldweb\/parodontologija\/#breadcrumb","itemListElement":[{"@type":"ListItem","position":1,"name":"Home","item":"https:\/\/dental-pollak.hr\/oldweb\/"},{"@type":"ListItem","position":2,"name":"Parodontologija"}]},{"@type":"WebSite","@id":"https:\/\/dental-pollak.hr\/oldweb\/#website","url":"https:\/\/dental-pollak.hr\/oldweb\/","name":"Dental Centar Pollak","description":"Stomatolog u Osijeku","potentialAction":[{"@type":"SearchAction","target":{"@type":"EntryPoint","urlTemplate":"https:\/\/dental-pollak.hr\/oldweb\/?s={search_term_string}"},"query-input":"required name=search_term_string"}],"inLanguage":"en-US"}]}},"_links":{"self":[{"href":"https:\/\/dental-pollak.hr\/oldweb\/wp-json\/wp\/v2\/pages\/659"}],"collection":[{"href":"https:\/\/dental-pollak.hr\/oldweb\/wp-json\/wp\/v2\/pages"}],"about":[{"href":"https:\/\/dental-pollak.hr\/oldweb\/wp-json\/wp\/v2\/types\/page"}],"author":[{"embeddable":true,"href":"https:\/\/dental-pollak.hr\/oldweb\/wp-json\/wp\/v2\/users\/3"}],"replies":[{"embeddable":true,"href":"https:\/\/dental-pollak.hr\/oldweb\/wp-json\/wp\/v2\/comments?post=659"}],"version-history":[{"count":6,"href":"https:\/\/dental-pollak.hr\/oldweb\/wp-json\/wp\/v2\/pages\/659\/revisions"}],"predecessor-version":[{"id":2797,"href":"https:\/\/dental-pollak.hr\/oldweb\/wp-json\/wp\/v2\/pages\/659\/revisions\/2797"}],"wp:featuredmedia":[{"embeddable":true,"href":"https:\/\/dental-pollak.hr\/oldweb\/wp-json\/wp\/v2\/media\/855"}],"wp:attachment":[{"href":"https:\/\/dental-pollak.hr\/oldweb\/wp-json\/wp\/v2\/media?parent=659"}],"curies":[{"name":"wp","href":"https:\/\/api.w.org\/{rel}","templated":true}]}}